{"id":3255,"date":"2024-02-03T10:19:23","date_gmt":"2024-02-03T07:19:23","guid":{"rendered":"http:\/\/vitastra.ca\/?page_id=3255"},"modified":"2025-10-10T04:06:17","modified_gmt":"2025-10-10T01:06:17","slug":"kocluk-ve-danismanlik","status":"publish","type":"page","link":"https:\/\/vitastra.ca\/en\/hizmetlerimiz\/kocluk-ve-danismanlik\/","title":{"rendered":"Coaching &amp; Consulting"},"content":{"rendered":"<div data-elementor-type=\"wp-page\" data-elementor-id=\"3255\" class=\"elementor elementor-3255\">\n\t\t\t\t\t\t\t<div class=\"elementor-element elementor-element-8941bba e-flex e-con-boxed e-con e-parent\" data-id=\"8941bba\" data-element_type=\"container\" data-settings=\"{&quot;content_width&quot;:&quot;boxed&quot;}\" data-core-v316-plus=\"true\">\n\t\t\t\t\t<div class=\"e-con-inner\">\n\t\t<div class=\"elementor-element elementor-element-1ef15d7 e-con-full e-flex e-con e-child\" data-id=\"1ef15d7\" data-element_type=\"container\" data-settings=\"{&quot;content_width&quot;:&quot;full&quot;}\">\n\t\t\t\t<div class=\"elementor-element elementor-element-3006ed4 elementor-widget elementor-widget-sidebar-nav\" data-id=\"3006ed4\" data-element_type=\"widget\" data-widget_type=\"sidebar-nav.default\">\n\t\t\t\t<div class=\"elementor-widget-container\">\n\t\t\t    <div class=\"page-sidebar__service page-sidebar__single wow animated fadeInLeft\" data-wow-delay=\"0.1s\" data-wow-duration=\"1500ms\">\n        <h3 class=\"page-sidebar__title\">Services<\/h3>        <div class=\"menu-services-list-container\"><ul id=\"menu-services-list\" class=\"page-sidebar__service-list\"><li id=\"menu-item-3272\" class=\"menu-item menu-item-type-post_type menu-item-object-page megamenu-hide menu-item-3272\"><a href=\"https:\/\/vitastra.ca\/en\/hizmetlerimiz\/vize-danismanligi\/\">Visa Consulting<\/a><\/li>\n<li id=\"menu-item-3271\" class=\"menu-item menu-item-type-post_type menu-item-object-page megamenu-hide menu-item-3271\"><a href=\"https:\/\/vitastra.ca\/en\/hizmetlerimiz\/gocmenlik-danismanligi\/\">Immigration Consulting<\/a><\/li>\n<li id=\"menu-item-3270\" class=\"menu-item menu-item-type-post_type menu-item-object-page megamenu-hide menu-item-3270\"><a href=\"https:\/\/vitastra.ca\/en\/hizmetlerimiz\/kocluk-ve-danismanlik\/\">Coaching &amp; Consulting<\/a><\/li>\n<li id=\"menu-item-3269\" class=\"menu-item menu-item-type-post_type menu-item-object-page megamenu-hide menu-item-3269\"><a href=\"https:\/\/vitastra.ca\/en\/hizmetlerimiz\/yurt-disi-egitim\/\">Study Abroad<\/a><\/li>\n<\/ul><\/div>        <\/ul>\n    <\/div><!-- \/.blog-sidebar__service -->\n\t\t<\/div>\n\t\t\t\t<\/div>\n\t\t\t\t<div class=\"elementor-element elementor-element-effcd98 elementor-widget elementor-widget-sidebar-social-info\" data-id=\"effcd98\" data-element_type=\"widget\" data-widget_type=\"sidebar-social-info.default\">\n\t\t\t\t<div class=\"elementor-widget-container\">\n\t\t\t    <div class=\"page-sidebar__social page-sidebar__single wow animated fadeInLeft\" data-wow-delay=\"0.1s\" data-wow-duration=\"1500ms\">\n        <h3 class=\"page-sidebar__title\">Bizi Takip Edin!<\/h3>        <div class=\"page-sidebar__social-list social-list\">\n           \n                            <a class=\"page-sidebar__social-link social-link\"   href=\"https:\/\/www.instagram.com\/vitastra.ca\/\">\n                    <i aria-hidden=\"true\" class=\"icon-instagram\"><\/i>                <\/a>\n                            <a class=\"page-sidebar__social-link social-link\" href=\"https:\/\/ca.linkedin.com\/company\/vitastra%20\" target=\"_blank\" rel=\"noopener\">\n                    <i aria-hidden=\"true\" class=\"icon-linkedin\"><\/i>                <\/a>\n                            <a class=\"page-sidebar__social-link social-link\" href=\"https:\/\/www.youtube.com\/@mirayziylan%20\" target=\"_blank\" rel=\"noopener\">\n                    <i aria-hidden=\"true\" class=\"icofont-youtube-play\"><\/i>                <\/a>\n                            <a class=\"page-sidebar__social-link social-link\" href=\"https:\/\/wa.me\/14374739035\" target=\"_blank\" rel=\"noopener\">\n                    <i aria-hidden=\"true\" class=\"icofont-brand-whatsapp\"><\/i>                <\/a>\n                    <\/div>\n    <\/div><!-- \/.page-sidebar__social -->\n\n\t\t<\/div>\n\t\t\t\t<\/div>\n\t\t\t\t<div class=\"elementor-element elementor-element-f33c3c5 elementor-widget elementor-widget-noile-sidebar-call-to-action\" data-id=\"f33c3c5\" data-element_type=\"widget\" data-widget_type=\"noile-sidebar-call-to-action.default\">\n\t\t\t\t<div class=\"elementor-widget-container\">\n\t\t\t    <div class=\"page-sidebar__contact page-sidebar__single wow animated fadeInLeft\" data-wow-delay=\"0.1s\" data-wow-duration=\"1500ms\" style=\"background-image: url('http:\/\/vitastra.ca\/wp-content\/uploads\/2024\/02\/sidebar-contact-bg1.jpg');\">\n        <div class=\"page-sidebar__contact-wrap\">\n            <h3 class=\"page-sidebar__contact-title\">Make an Appointment to Get Detailed Information<\/h3>            <a href=\"tel: 1-(437)-473-9035\" class=\"page-sidebar__contact-btn\">\n                <span class=\"page-sidebar__contact-icon icon-phone\"><\/span>\n                <h4 class=\"page-sidebar__contact-text\"> +1 (437) 473-9035<\/h4>\n            <\/a>\n        <\/div>\n    <\/div><!-- \/.page-sidebar__contact -->\n\t\t<\/div>\n\t\t\t\t<\/div>\n\t\t\t\t<\/div>\n\t\t<div class=\"elementor-element elementor-element-302c145 e-con-full e-flex e-con e-child\" data-id=\"302c145\" data-element_type=\"container\" data-settings=\"{&quot;content_width&quot;:&quot;full&quot;}\">\n\t\t<div class=\"elementor-element elementor-element-8d80f29 e-con-full e-flex e-con e-child\" data-id=\"8d80f29\" data-element_type=\"container\" data-settings=\"{&quot;content_width&quot;:&quot;full&quot;}\">\n\t\t\t\t<div class=\"elementor-element elementor-element-d7d82ed elementor-widget elementor-widget-image\" data-id=\"d7d82ed\" data-element_type=\"widget\" data-widget_type=\"image.default\">\n\t\t\t\t<div class=\"elementor-widget-container\">\n\t\t\t<style>\/*! elementor - v3.18.0 - 20-12-2023 *\/\n.elementor-widget-image{text-align:center}.elementor-widget-image a{display:inline-block}.elementor-widget-image a img[src$=\".svg\"]{width:48px}.elementor-widget-image img{vertical-align:middle;display:inline-block}<\/style>\t\t\t\t\t\t\t\t\t\t\t\t<img decoding=\"async\" src=\"https:\/\/bracketweb.com\/noilewp\/wp-content\/uploads\/2023\/10\/website-designing.jpg\" title=\"\" alt=\"website-designing\" loading=\"lazy\" \/>\t\t\t\t\t\t\t\t\t\t\t\t\t\t\t<\/div>\n\t\t\t\t<\/div>\n\t\t\t\t<div class=\"elementor-element elementor-element-e9d10d6 elementor-widget elementor-widget-text-editor\" data-id=\"e9d10d6\" data-element_type=\"widget\" data-widget_type=\"text-editor.default\">\n\t\t\t\t<div class=\"elementor-widget-container\">\n\t\t\t<style>\/*! elementor - v3.18.0 - 20-12-2023 *\/\n.elementor-widget-text-editor.elementor-drop-cap-view-stacked .elementor-drop-cap{background-color:#69727d;color:#fff}.elementor-widget-text-editor.elementor-drop-cap-view-framed .elementor-drop-cap{color:#69727d;border:3px solid;background-color:transparent}.elementor-widget-text-editor:not(.elementor-drop-cap-view-default) .elementor-drop-cap{margin-top:8px}.elementor-widget-text-editor:not(.elementor-drop-cap-view-default) .elementor-drop-cap-letter{width:1em;height:1em}.elementor-widget-text-editor .elementor-drop-cap{float:left;text-align:center;line-height:1;font-size:50px}.elementor-widget-text-editor .elementor-drop-cap-letter{display:inline-block}<\/style>\t\t\t\t<h3 class=\"service-details-page__top-service-title\"><span style=\"color: #f9921f;\">Coaching &amp; Consulting<\/span><\/h3>\t\t\t\t\t\t<\/div>\n\t\t\t\t<\/div>\n\t\t\t\t<div class=\"elementor-element elementor-element-65d614b elementor-widget elementor-widget-text-editor\" data-id=\"65d614b\" data-element_type=\"widget\" data-widget_type=\"text-editor.default\">\n\t\t\t\t<div class=\"elementor-widget-container\">\n\t\t\t\t\t\t\t<p class=\"service-details-page__top-service-desc\"><span style=\"color: #000000;\">Vitastra's Coaching &amp; Consulting service focuses on personal and professional development. Our certified coaches offer guidance to individuals based on their unique strengths and goals, assisting them in making informed decisions regarding their careers, education, and personal growth. Through Corporate Coaching Consulting Services, institutions empower their businesses with a program designed to enhance leadership, foster team growth, and drive organizational success.<\/span><\/p>\t\t\t\t\t\t<\/div>\n\t\t\t\t<\/div>\n\t\t\t\t<\/div>\n\t\t\t\t<\/div>\n\t\t\t\t\t<\/div>\n\t\t\t\t<\/div>\n\t\t\t\t\t\t\t<\/div>","protected":false},"excerpt":{"rendered":"<p>Hizmetlerimiz Vize Dan\u0131\u015fmanl\u0131\u011f\u0131 G\u00f6\u00e7menlik Dan\u0131\u015fmanl\u0131\u011f\u0131 Ko\u00e7luk ve Dan\u0131\u015fmanl\u0131k Yurt D\u0131\u015f\u0131 E\u011fitim Bizi Takip Edin! Detayl\u0131 Bilgi Almak i\u00e7in Randevu Olu\u015fturun &nbsp; +1 (437) 473-9035 Ko\u00e7luk ve Dan\u0131\u015fmanl\u0131k Vitastra&#8217;n\u0131n Ko\u00e7luk ve Dan\u0131\u015fmanl\u0131k hizmeti, ki\u015fisel ve mesleki geli\u015fime odaklanmaktad\u0131r. Akredite ko\u00e7lar\u0131m\u0131z, bireylerin benzersiz g\u00fc\u00e7l\u00fckleri ve hedefleri do\u011frultusunda rehberlik sunarak, kariyerleri, e\u011fitimleri ve ki\u015fisel geli\u015fimleri hakk\u0131nda bilin\u00e7li kararlar [&hellip;]<\/p>","protected":false},"author":1,"featured_media":0,"parent":29,"menu_order":0,"comment_status":"closed","ping_status":"closed","template":"elementor_header_footer","meta":{"footnotes":""},"_links":{"self":[{"href":"https:\/\/vitastra.ca\/en\/wp-json\/wp\/v2\/pages\/3255"}],"collection":[{"href":"https:\/\/vitastra.ca\/en\/wp-json\/wp\/v2\/pages"}],"about":[{"href":"https:\/\/vitastra.ca\/en\/wp-json\/wp\/v2\/types\/page"}],"author":[{"embeddable":true,"href":"https:\/\/vitastra.ca\/en\/wp-json\/wp\/v2\/users\/1"}],"replies":[{"embeddable":true,"href":"https:\/\/vitastra.ca\/en\/wp-json\/wp\/v2\/comments?post=3255"}],"version-history":[{"count":26,"href":"https:\/\/vitastra.ca\/en\/wp-json\/wp\/v2\/pages\/3255\/revisions"}],"predecessor-version":[{"id":4101,"href":"https:\/\/vitastra.ca\/en\/wp-json\/wp\/v2\/pages\/3255\/revisions\/4101"}],"up":[{"embeddable":true,"href":"https:\/\/vitastra.ca\/en\/wp-json\/wp\/v2\/pages\/29"}],"wp:attachment":[{"href":"https:\/\/vitastra.ca\/en\/wp-json\/wp\/v2\/media?parent=3255"}],"curies":[{"name":"wp","href":"https:\/\/api.w.org\/{rel}","templated":true}]}}