{"id":29,"date":"2023-10-08T04:33:12","date_gmt":"2023-10-08T04:33:12","guid":{"rendered":"http:\/\/noile-demo.local\/?page_id=29"},"modified":"2025-10-10T04:05:31","modified_gmt":"2025-10-10T01:05:31","slug":"hizmetlerimiz","status":"publish","type":"page","link":"https:\/\/vitastra.ca\/en\/hizmetlerimiz\/","title":{"rendered":"Services"},"content":{"rendered":"<div data-elementor-type=\"wp-page\" data-elementor-id=\"29\" class=\"elementor elementor-29\">\n\t\t\t\t\t\t\t<div class=\"elementor-element elementor-element-09975f4 e-flex e-con-boxed e-con e-parent\" data-id=\"09975f4\" data-element_type=\"container\" data-settings=\"{&quot;content_width&quot;:&quot;boxed&quot;}\" data-core-v316-plus=\"true\">\n\t\t\t\t\t<div class=\"e-con-inner\">\n\t\t\t\t<div class=\"elementor-element elementor-element-2423506 elementor-widget elementor-widget-noile-portfolio\" data-id=\"2423506\" data-element_type=\"widget\" data-widget_type=\"noile-portfolio.default\">\n\t\t\t\t<div class=\"elementor-widget-container\">\n\t\t\t    <!-- Case Study One Start -->\n    <section class=\"case-study-one case-study\">\n        <div class=\"container\">\n                        <div class=\"case-study-one__carousel noile-owl__carousel owl-theme owl-carousel\" data-owl-options='        {        &quot;loop&quot;: false,        &quot;margin&quot;: 24,        &quot;items&quot;: 4        ,&quot;nav&quot;: false                                ,&quot;dots&quot;: false        ,&quot;smartSpeed&quot;: 700                    ,            &quot;responsive&quot;:            {                            &quot;0&quot;: {                &quot;margin&quot;: 24,                &quot;items&quot;: 1                },                            &quot;768&quot;: {                &quot;margin&quot;: 24,                &quot;items&quot;: 2                },                            &quot;992&quot;: {                &quot;margin&quot;: 24,                &quot;items&quot;: 3                },                            &quot;1400&quot;: {                &quot;margin&quot;: 24,                &quot;items&quot;: 4                }                        }                }    '>\n                                    <div class=\"case-study-one__carousel-item item\">\n                        <div class=\"case-study__item\">\n                            <div class=\"case-study__item-img-box\">\n                                <img decoding=\"async\" src=\"https:\/\/vitastra.ca\/wp-content\/uploads\/2024\/02\/Kariyer-Danismanligi-1-min.jpg\" alt=\"Kariyer Dan\u0131\u015fmanl\u0131\u011f\u0131 1-min\" title=\"Kariyer Dan\u0131\u015fmanl\u0131\u011f\u0131 1-min\" class=\"case-study__item-img\" >                                                                    <p class=\"case-study__item-desc\">Yeni Bir Kariyerin Ba\u015flang\u0131c\u0131<\/p>\n                                                                <h3 class=\"case-study__item-title\">\n                                    <a class=\"\" href=\"https:\/\/vitastra.ca\/en\/hizmetlerimiz\/kocluk-ve-danismanlik\/\"  >Kariyer Dan\u0131\u015fmanl\u0131\u011f\u0131<\/a>                                <\/h3>\n                            <\/div>\n                            <a href=\"https:\/\/vitastra.ca\/en\/hizmetlerimiz\/kocluk-ve-danismanlik\/\"  class=\"case-study__item-btn\">\n                                <span class=\"case-study__item-btn-icon icon-arrow-right-2\"><\/span>\n                            <\/a>\n                        <\/div><!-- \/.case-study__item -->\n                    <\/div><!-- \/.case-study-one__carousel-item-->\n                                    <div class=\"case-study-one__carousel-item item\">\n                        <div class=\"case-study__item\">\n                            <div class=\"case-study__item-img-box\">\n                                <img decoding=\"async\" src=\"https:\/\/vitastra.ca\/wp-content\/uploads\/2024\/02\/Egitim-Danismanligi-2-min.jpg\" alt=\"E\u011fitim Dan\u0131\u015fmanl\u0131\u011f\u0131 2-min\" title=\"E\u011fitim Dan\u0131\u015fmanl\u0131\u011f\u0131 2-min\" class=\"case-study__item-img\" >                                                                    <p class=\"case-study__item-desc\">Hayalinizdeki E\u011fitimle Bulu\u015fun<\/p>\n                                                                <h3 class=\"case-study__item-title\">\n                                    <a class=\"\" href=\"https:\/\/vitastra.ca\/en\/hizmetlerimiz\/yurt-disi-egitim\/\"  >E\u011fitim Dan\u0131\u015fmanl\u0131\u011f\u0131<\/a>                                <\/h3>\n                            <\/div>\n                            <a href=\"https:\/\/vitastra.ca\/en\/hizmetlerimiz\/yurt-disi-egitim\/\"  class=\"case-study__item-btn\">\n                                <span class=\"case-study__item-btn-icon icon-arrow-right-2\"><\/span>\n                            <\/a>\n                        <\/div><!-- \/.case-study__item -->\n                    <\/div><!-- \/.case-study-one__carousel-item-->\n                                    <div class=\"case-study-one__carousel-item item\">\n                        <div class=\"case-study__item\">\n                            <div class=\"case-study__item-img-box\">\n                                <img decoding=\"async\" src=\"https:\/\/vitastra.ca\/wp-content\/uploads\/2024\/02\/Vize-Danismanligi-4-min-1.jpg\" alt=\"Vize Dan\u0131\u015fmanl\u0131\u011f\u0131 4-min\" title=\"Vize Dan\u0131\u015fmanl\u0131\u011f\u0131 4-min\" class=\"case-study__item-img\" >                                                                    <p class=\"case-study__item-desc\">Yurt D\u0131\u015f\u0131 Maceras\u0131 Bizimle Ba\u015flar<\/p>\n                                                                <h3 class=\"case-study__item-title\">\n                                    <a class=\"\" href=\"https:\/\/vitastra.ca\/en\/hizmetlerimiz\/vize-danismanligi\/\"  >Visa Consulting<\/a>                                <\/h3>\n                            <\/div>\n                            <a href=\"https:\/\/vitastra.ca\/en\/hizmetlerimiz\/vize-danismanligi\/\"  class=\"case-study__item-btn\">\n                                <span class=\"case-study__item-btn-icon icon-arrow-right-2\"><\/span>\n                            <\/a>\n                        <\/div><!-- \/.case-study__item -->\n                    <\/div><!-- \/.case-study-one__carousel-item-->\n                                    <div class=\"case-study-one__carousel-item item\">\n                        <div class=\"case-study__item\">\n                            <div class=\"case-study__item-img-box\">\n                                <img decoding=\"async\" src=\"https:\/\/vitastra.ca\/wp-content\/uploads\/2024\/02\/Gocmenlik-Danismanligi-3-min-1.jpg\" alt=\"G\u00f6\u00e7menlik Dan\u0131\u015fmanl\u0131\u011f\u0131 3-min\" title=\"G\u00f6\u00e7menlik Dan\u0131\u015fmanl\u0131\u011f\u0131 3-min\" class=\"case-study__item-img\" >                                                                    <p class=\"case-study__item-desc\">Yeni Hayat\u0131n\u0131z Bizimle Ba\u015flar<\/p>\n                                                                <h3 class=\"case-study__item-title\">\n                                    <a class=\"\" href=\"https:\/\/vitastra.ca\/en\/hizmetlerimiz\/gocmenlik-danismanligi\/\"  >Immigration Consulting<\/a>                                <\/h3>\n                            <\/div>\n                            <a href=\"https:\/\/vitastra.ca\/en\/hizmetlerimiz\/gocmenlik-danismanligi\/\"  class=\"case-study__item-btn\">\n                                <span class=\"case-study__item-btn-icon icon-arrow-right-2\"><\/span>\n                            <\/a>\n                        <\/div><!-- \/.case-study__item -->\n                    <\/div><!-- \/.case-study-one__carousel-item-->\n                            <\/div><!-- \/.case-study-one__carousel-->\n        <\/div><!-- \/.container -->\n    <\/section>\n    <!-- Case Study One End -->\n\t\t<\/div>\n\t\t\t\t<\/div>\n\t\t\t\t\t<\/div>\n\t\t\t\t<\/div>\n\t\t\t\t\t\t\t<\/div>","protected":false},"excerpt":{"rendered":"<p>Yeni Bir Kariyerin Ba\u015flang\u0131c\u0131 Kariyer Dan\u0131\u015fmanl\u0131\u011f\u0131 Hayalinizdeki E\u011fitimle Bulu\u015fun E\u011fitim Dan\u0131\u015fmanl\u0131\u011f\u0131 Yurt D\u0131\u015f\u0131 Maceras\u0131 Bizimle Ba\u015flar Vize Dan\u0131\u015fmanl\u0131\u011f\u0131 Yeni Hayat\u0131n\u0131z Bizimle Ba\u015flar G\u00f6\u00e7menlik Dan\u0131\u015fmanl\u0131\u011f\u0131<\/p>","protected":false},"author":1,"featured_media":0,"parent":0,"menu_order":0,"comment_status":"closed","ping_status":"closed","template":"elementor_header_footer","meta":{"footnotes":""},"_links":{"self":[{"href":"https:\/\/vitastra.ca\/en\/wp-json\/wp\/v2\/pages\/29"}],"collection":[{"href":"https:\/\/vitastra.ca\/en\/wp-json\/wp\/v2\/pages"}],"about":[{"href":"https:\/\/vitastra.ca\/en\/wp-json\/wp\/v2\/types\/page"}],"author":[{"embeddable":true,"href":"https:\/\/vitastra.ca\/en\/wp-json\/wp\/v2\/users\/1"}],"replies":[{"embeddable":true,"href":"https:\/\/vitastra.ca\/en\/wp-json\/wp\/v2\/comments?post=29"}],"version-history":[{"count":53,"href":"https:\/\/vitastra.ca\/en\/wp-json\/wp\/v2\/pages\/29\/revisions"}],"predecessor-version":[{"id":4099,"href":"https:\/\/vitastra.ca\/en\/wp-json\/wp\/v2\/pages\/29\/revisions\/4099"}],"wp:attachment":[{"href":"https:\/\/vitastra.ca\/en\/wp-json\/wp\/v2\/media?parent=29"}],"curies":[{"name":"wp","href":"https:\/\/api.w.org\/{rel}","templated":true}]}}