{"id":27,"date":"2023-10-08T04:33:12","date_gmt":"2023-10-08T04:33:12","guid":{"rendered":"http:\/\/noile-demo.local\/?page_id=27"},"modified":"2025-10-10T04:09:47","modified_gmt":"2025-10-10T01:09:47","slug":"vitastra-hakkinda","status":"publish","type":"page","link":"https:\/\/vitastra.ca\/en\/vitastra-hakkinda\/","title":{"rendered":"About Vitastra"},"content":{"rendered":"<div data-elementor-type=\"wp-page\" data-elementor-id=\"27\" class=\"elementor elementor-27\">\n\t\t\t\t\t\t\t<div class=\"elementor-element elementor-element-b37dc5e e-flex e-con-boxed e-con e-parent\" data-id=\"b37dc5e\" data-element_type=\"container\" data-settings=\"{&quot;content_width&quot;:&quot;boxed&quot;}\" data-core-v316-plus=\"true\">\n\t\t\t\t\t<div class=\"e-con-inner\">\n\t\t\t\t<div class=\"elementor-element elementor-element-63f5f84 elementor-widget elementor-widget-text-editor\" data-id=\"63f5f84\" data-element_type=\"widget\" data-widget_type=\"text-editor.default\">\n\t\t\t\t<div class=\"elementor-widget-container\">\n\t\t\t<style>\/*! elementor - v3.18.0 - 20-12-2023 *\/\n.elementor-widget-text-editor.elementor-drop-cap-view-stacked .elementor-drop-cap{background-color:#69727d;color:#fff}.elementor-widget-text-editor.elementor-drop-cap-view-framed .elementor-drop-cap{color:#69727d;border:3px solid;background-color:transparent}.elementor-widget-text-editor:not(.elementor-drop-cap-view-default) .elementor-drop-cap{margin-top:8px}.elementor-widget-text-editor:not(.elementor-drop-cap-view-default) .elementor-drop-cap-letter{width:1em;height:1em}.elementor-widget-text-editor .elementor-drop-cap{float:left;text-align:center;line-height:1;font-size:50px}.elementor-widget-text-editor .elementor-drop-cap-letter{display:inline-block}<\/style>\t\t\t\t<h2><span style=\"color: #f9921f;\">About Us<br \/><br \/><\/span><\/h2><p class=\"cvGsUA direction-ltr align-start para-style-body\"><span class=\"a_GcMg font-feature-liga-off font-feature-clig-off font-feature-calt-off text-decoration-none text-strikethrough-none\" style=\"color: #000000;\">Vitastra International Consultancy Inc., T\u00fcrk kad\u0131n giri\u015fimci Miray Ziylan taraf\u0131ndan kurulan, Kanada merkezli, kariyer, e\u011fitim ve g\u00f6\u00e7menlik alanlar\u0131nda uzmanla\u015fm\u0131\u015f uluslararas\u0131 bir dan\u0131\u015fmanl\u0131k firmas\u0131d\u0131r.<\/span><\/p><p class=\"cvGsUA direction-ltr align-start para-style-body\"><span class=\"a_GcMg font-feature-liga-off font-feature-clig-off font-feature-calt-off text-decoration-none text-strikethrough-none\" style=\"color: #000000;\">\u00d6\u011frenci ve profesyonellere, d\u00fcnya genelinde e\u011fitim ve kariyer hedeflerine ula\u015fmalar\u0131 i\u00e7in stratejik rehberlik sunuyoruz. Hizmetlerimiz; dil programlar\u0131, yaz kamplar\u0131, lisans ve y\u00fcksek lisans e\u011fitimi dan\u0131\u015fmanl\u0131\u011f\u0131, kariyer planlamas\u0131 ve g\u00f6\u00e7menlik s\u00fcre\u00e7leri gibi geni\u015f bir yelpazeyi kapsamaktad\u0131r.<\/span><\/p><p class=\"cvGsUA direction-ltr align-start para-style-body\"><span class=\"a_GcMg font-feature-liga-off font-feature-clig-off font-feature-calt-off text-decoration-none text-strikethrough-none\" style=\"color: #000000;\">Kurucusu Miray\u2019\u0131n y\u0131llara dayanan profesyonel tecr\u00fcbelerinden g\u00fc\u00e7 alan Vitastra, her bireyin yolculu\u011funun bir ba\u015flang\u0131\u00e7 oldu\u011funu kabul eder. \u0130deasyon a\u015famas\u0131ndan ba\u015fvuru s\u00fcrecine, vize onay\u0131ndan vatanda\u015fl\u0131k i\u015flemlerine kadar her ad\u0131m\u0131 b\u00fcy\u00fck bir titizlikle ele al\u0131yoruz. Amac\u0131m\u0131z, m\u00fc\u015fterilerimize akademik ve profesyonel hedeflerine ula\u015fmalar\u0131 i\u00e7in b\u00fct\u00fcnsel bir rehberlik sunmakt\u0131r.<\/span><\/p><p class=\"cvGsUA direction-ltr align-start para-style-body\"><span class=\"a_GcMg font-feature-liga-off font-feature-clig-off font-feature-calt-off text-decoration-none text-strikethrough-none\" style=\"color: #000000;\">Vitastra, etik, \u015feffaf ve g\u00fcvene dayal\u0131 hizmet anlay\u0131\u015f\u0131yla her bireyin ihtiya\u00e7lar\u0131na g\u00f6re \u00f6zel \u00e7\u00f6z\u00fcmler \u00fcretir. Ekibimiz, Kanada\u2019dan \u0130rlanda\u2019ya, \u0130ngiltere\u2019den Dubai\u2019ye kadar d\u00fcnyan\u0131n d\u00f6rt bir yan\u0131ndaki ortaklarla i\u015f birli\u011fi yaparak \u00f6\u011frencilere ve profesyonellere benzersiz bir deneyim sunar.<\/span><\/p><p class=\"cvGsUA direction-ltr align-start para-style-body\"><strong><span class=\"a_GcMg font-feature-liga-off font-feature-clig-off font-feature-calt-off text-decoration-none text-strikethrough-none\" style=\"color: #f9921f;\">#YolaStratejiyle\u00c7\u0131k<\/span><\/strong><\/p>\t\t\t\t\t\t<\/div>\n\t\t\t\t<\/div>\n\t\t\t\t\t<\/div>\n\t\t\t\t<\/div>\n\t\t\t\t\t\t\t<\/div>","protected":false},"excerpt":{"rendered":"<p>Hakk\u0131m\u0131zda Vitastra International Consultancy Inc., T\u00fcrk kad\u0131n giri\u015fimci Miray Ziylan taraf\u0131ndan kurulan, Kanada merkezli, kariyer, e\u011fitim ve g\u00f6\u00e7menlik alanlar\u0131nda uzmanla\u015fm\u0131\u015f uluslararas\u0131 bir dan\u0131\u015fmanl\u0131k firmas\u0131d\u0131r. \u00d6\u011frenci ve profesyonellere, d\u00fcnya genelinde e\u011fitim ve kariyer hedeflerine ula\u015fmalar\u0131 i\u00e7in stratejik rehberlik sunuyoruz. Hizmetlerimiz; dil programlar\u0131, yaz kamplar\u0131, lisans ve y\u00fcksek lisans e\u011fitimi dan\u0131\u015fmanl\u0131\u011f\u0131, kariyer planlamas\u0131 ve g\u00f6\u00e7menlik s\u00fcre\u00e7leri gibi [&hellip;]<\/p>","protected":false},"author":1,"featured_media":0,"parent":0,"menu_order":0,"comment_status":"closed","ping_status":"closed","template":"elementor_header_footer","meta":{"footnotes":""},"_links":{"self":[{"href":"https:\/\/vitastra.ca\/en\/wp-json\/wp\/v2\/pages\/27"}],"collection":[{"href":"https:\/\/vitastra.ca\/en\/wp-json\/wp\/v2\/pages"}],"about":[{"href":"https:\/\/vitastra.ca\/en\/wp-json\/wp\/v2\/types\/page"}],"author":[{"embeddable":true,"href":"https:\/\/vitastra.ca\/en\/wp-json\/wp\/v2\/users\/1"}],"replies":[{"embeddable":true,"href":"https:\/\/vitastra.ca\/en\/wp-json\/wp\/v2\/comments?post=27"}],"version-history":[{"count":28,"href":"https:\/\/vitastra.ca\/en\/wp-json\/wp\/v2\/pages\/27\/revisions"}],"predecessor-version":[{"id":4106,"href":"https:\/\/vitastra.ca\/en\/wp-json\/wp\/v2\/pages\/27\/revisions\/4106"}],"wp:attachment":[{"href":"https:\/\/vitastra.ca\/en\/wp-json\/wp\/v2\/media?parent=27"}],"curies":[{"name":"wp","href":"https:\/\/api.w.org\/{rel}","templated":true}]}}