{"id":153,"date":"2023-10-08T04:42:39","date_gmt":"2023-10-08T04:42:39","guid":{"rendered":"http:\/\/noile-demo.local\/?page_id=153"},"modified":"2025-10-14T04:36:34","modified_gmt":"2025-10-14T01:36:34","slug":"iletisim","status":"publish","type":"page","link":"https:\/\/vitastra.ca\/en\/iletisim\/","title":{"rendered":"Contact Us"},"content":{"rendered":"<div data-elementor-type=\"wp-page\" data-elementor-id=\"153\" class=\"elementor elementor-153\">\n\t\t\t\t\t\t\t<div class=\"elementor-element elementor-element-e9e65b6 e-con-full e-flex e-con e-parent\" data-id=\"e9e65b6\" data-element_type=\"container\" data-settings=\"{&quot;content_width&quot;:&quot;full&quot;}\" data-core-v316-plus=\"true\">\n\t\t\t\t<div class=\"elementor-element elementor-element-4d1d9eb elementor-widget elementor-widget-noile-contact-form\" data-id=\"4d1d9eb\" data-element_type=\"widget\" data-widget_type=\"noile-contact-form.default\">\n\t\t\t\t<div class=\"elementor-widget-container\">\n\t\t\t\t<!-- Team Page Start -->\n\t<section class=\"contact-one\">\n\t\t<div class=\"container\">\n\t\t\t<div class=\"row g-4\">\n\t\t\t\t<div class=\"col-xl-8 col-lg-7\">\n\t\t\t\t\t<div class=\"contact-one__left\">\n\t\t\t\t\t\t<div class=\"contact-one__info wow animated fadeInLeft\" data-wow-delay=\"0.1s\" data-wow-duration=\"1500ms\">\n\t\t\t\t\t\t\t<div class=\"contact-one__info-box\">\n\t\t\t\t\t\t\t\t\t\t\t\t\t\t\t\t\t<div class=\"contact-one__info-item\">\n\t\t\t\t\t\t\t\t\t\t<div class=\"contact-one__info-icon contact-one__info-icon--one\">\n\t\t\t\t\t\t\t\t\t\t\t<i aria-hidden=\"true\" class=\"icofont-ui-check\"><\/i>\t\t\t\t\t\t\t\t\t\t<\/div>\n\t\t\t\t\t\t\t\t\t\t<a href=\"tel: 1 (437) 473-9035\" class=\"contact-one__info-title contact-one__info-link\">+1 (437) 473-9035<\/a>\t\t\t\t\t\t\t\t\t<\/div>\n\t\t\t\t\t\t\t\t\t\t\t\t\t\t\t\t\t<div class=\"contact-one__info-item\">\n\t\t\t\t\t\t\t\t\t\t<div class=\"contact-one__info-icon contact-one__info-icon--one\">\n\t\t\t\t\t\t\t\t\t\t\t<i aria-hidden=\"true\" class=\"icofont-ui-check\"><\/i>\t\t\t\t\t\t\t\t\t\t<\/div>\n\t\t\t\t\t\t\t\t\t\t<a href=\"mailto:hello@vitastra.ca\" class=\"contact-one__info-title contact-one__info-link\">hello@vitastra.ca<\/a>\t\t\t\t\t\t\t\t\t<\/div>\n\t\t\t\t\t\t\t\t\t\t\t\t\t\t\t\t\t<div class=\"contact-one__info-item\">\n\t\t\t\t\t\t\t\t\t\t<div class=\"contact-one__info-icon contact-one__info-icon--one\">\n\t\t\t\t\t\t\t\t\t\t\t<i aria-hidden=\"true\" class=\"icofont-ui-check\"><\/i>\t\t\t\t\t\t\t\t\t\t<\/div>\n\t\t\t\t\t\t\t\t\t\t<p class=\"contact-one__info-title\">12-18 Kenrae Rd, East York, ON, M4G 1Y1, Canada<\/p>\t\t\t\t\t\t\t\t\t<\/div>\n\t\t\t\t\t\t\t\t\t\t\t\t\t\t\t<\/div><!-- \/.contact-one__info-box -->\n\t\t\t\t\t\t\t<div class=\"contact-one__social social-list\">\n\t\t\t\t\t\t\t\t\t\t\t\t\t\t\t\t\t<a href=\"https:\/\/www.instagram.com\/hellovitastra\/\" class=\"contact-one__social-link social-link\" target=\"_blank\" rel=\"noopener\">\n\t\t\t\t\t\t\t\t\t\t<i aria-hidden=\"true\" class=\"icon-instagram\"><\/i>\t\t\t\t\t\t\t\t\t<\/a>\n\t\t\t\t\t\t\t\t\t\t\t\t\t\t\t\t\t<a href=\"https:\/\/ca.linkedin.com\/company\/vitastra\" class=\"contact-one__social-link social-link\" target=\"_blank\" rel=\"noopener\">\n\t\t\t\t\t\t\t\t\t\t<i aria-hidden=\"true\" class=\"icon-linkedin\"><\/i>\t\t\t\t\t\t\t\t\t<\/a>\n\t\t\t\t\t\t\t\t\t\t\t\t\t\t\t\t\t<a href=\"https:\/\/www.youtube.com\/@mirayziylan\" class=\"contact-one__social-link social-link\" target=\"_blank\" rel=\"noopener\">\n\t\t\t\t\t\t\t\t\t\t<i aria-hidden=\"true\" class=\"icofont-youtube-play\"><\/i>\t\t\t\t\t\t\t\t\t<\/a>\n\t\t\t\t\t\t\t\t\t\t\t\t\t\t\t<\/div><!-- \/.contact-one__info -->\n\t\t\t\t\t\t<\/div><!-- \/.contact-one__info -->\n\t\t\t\t\t\t<div class=\"contact-one__contact contact\">\n\t\t\t\t\t\t\t<div class=\"contact__form-box\">\n\t\t\t\t\t\t\t\t<h3 class=\"contact__form-title\">Contact Form<\/h3>\n\t\t\t\t\t\t\t\t<div class=\"contact__form wow animated fadeInUp\" data-wow-duration=\"1500ms\">\n\t\t\t\t\t\t\t\t\t<div class=\"wpcf7 no-js\" id=\"wpcf7-f2169-o1\" lang=\"en-US\" dir=\"ltr\">\n<div class=\"screen-reader-response\"><p role=\"status\" aria-live=\"polite\" aria-atomic=\"true\"><\/p> <ul><\/ul><\/div>\n<form action=\"\/en\/wp-json\/wp\/v2\/pages\/153#wpcf7-f2169-o1\" method=\"post\" class=\"wpcf7-form init\" aria-label=\"Contact form\" novalidate=\"novalidate\" data-status=\"init\" data-trp-original-action=\"\/en\/wp-json\/wp\/v2\/pages\/153#wpcf7-f2169-o1\">\n<div style=\"display: none;\">\n<input type=\"hidden\" name=\"_wpcf7\" value=\"2169\" \/>\n<input type=\"hidden\" name=\"_wpcf7_version\" value=\"5.8.6\" \/>\n<input type=\"hidden\" name=\"_wpcf7_locale\" value=\"en_US\" \/>\n<input type=\"hidden\" name=\"_wpcf7_unit_tag\" value=\"wpcf7-f2169-o1\" \/>\n<input type=\"hidden\" name=\"_wpcf7_container_post\" value=\"0\" \/>\n<input type=\"hidden\" name=\"_wpcf7_posted_data_hash\" value=\"\" \/>\n<\/div>\n<div class=\"row g-4\">\n    <div class=\"col-md-6\">\n        <div class=\"contact__form-input-box\">\n            <label for=\"contact-form-name\" class=\"contact__input-title\">Name Surname:<\/label>\n            <span class=\"wpcf7-form-control-wrap\" data-name=\"text-966\"><input size=\"40\" class=\"wpcf7-form-control wpcf7-text wpcf7-validates-as-required contact__form-input\" id=\"contact-form-name\" aria-required=\"true\" aria-invalid=\"false\" placeholder=\"Write....\" value=\"\" type=\"text\" name=\"text-966\" \/><\/span>\n        <\/div><!-- \/.contact__form-input-box -->\n    <\/div>\n    <div class=\"col-md-6\">\n        <div class=\"contact__form-input-box\">\n            <label for=\"contact-form-mail\" class=\"contact__input-title\">E-mail:<\/label>\n\n             <span class=\"wpcf7-form-control-wrap\" data-name=\"email-241\"><input size=\"40\" class=\"wpcf7-form-control wpcf7-email wpcf7-validates-as-required wpcf7-text wpcf7-validates-as-email contact__form-input\" id=\"contact-form-mail\" aria-required=\"true\" aria-invalid=\"false\" placeholder=\"Write....\" value=\"\" type=\"email\" name=\"email-241\" \/><\/span>\n        <\/div><!-- \/.contact__form-input-box -->\n    <\/div>\n    <div class=\"col-md-12\">\n        <div class=\"contact__form-input-box\">\n            <label for=\"contact-form-message\" class=\"blog-details__input-title\">Your message:<\/label>\n            <span class=\"wpcf7-form-control-wrap\" data-name=\"textarea-427\"><textarea cols=\"40\" rows=\"10\" class=\"wpcf7-form-control wpcf7-textarea wpcf7-validates-as-required contact-form-message\" id=\"contact-form-message\" aria-required=\"true\" aria-invalid=\"false\" placeholder=\"Write....\" name=\"textarea-427\"><\/textarea><\/span>\n            <p class=\"contact__form-text\"><span>*<\/span> Call us 24\/7 or fill out the form above to get detailed information.<\/p>\n        <\/div><!-- \/.contact__form-input-box -->\n    <\/div>\n    <div class=\"col-md-12\">\n        <div class=\"contact__form-btn-box\">\n            <button type=\"submit\" class=\"contact__form-btn noile-btn\">Send <span> + <\/span><\/button>\n        <\/div><!-- \/.contact__form-btn-box -->\n    <\/div>\n<\/div><!-- \/.row --><div class=\"wpcf7-response-output\" aria-hidden=\"true\"><\/div>\n<input type=\"hidden\" name=\"trp-form-language\" value=\"en\"\/><\/form>\n<\/div>\t\t\t\t\t\t\t\t<\/div><!-- \/.contact_form -->\n\t\t\t\t\t\t\t<\/div>\n\t\t\t\t\t\t<\/div><!-- \/.contact -->\n\t\t\t\t\t<\/div><!-- \/.contact-one__left -->\n\t\t\t\t<\/div>\n\n\t\t\t\t<div class=\"col-xl-4 col-lg-5 wow animated fadeInRight\" data-wow-delay=\"0.1s\" data-wow-duration=\"1500ms\">\n\t\t\t\t\t<div class=\"page-sidebar__contact page-sidebar__single\" style=\"background-image: url('http:\/\/vitastra.ca\/wp-content\/uploads\/2024\/02\/sidebar-contact-bg1.jpg');\">\n\t\t\t\t\t\t<div class=\"page-sidebar__contact-wrap\">\n\t\t\t\t\t\t\t<h3 class=\"page-sidebar__contact-title\">Detayl\u0131 Bilgi Almak i\u00e7in Randevu Olu\u015fturun!<\/h3>\n\t\t\t\t\t\t\t<a href=\"tel: 1-(437)-473-9035\" class=\"page-sidebar__contact-btn\">\n\t\t\t\t\t\t\t\t<span class=\"page-sidebar__contact-icon icon-phone\"><\/span>\n\t\t\t\t\t\t\t\t<h4 class=\"page-sidebar__contact-text\">+1 (437) 473-9035<\/h4>\n\t\t\t\t\t\t\t<\/a>\n\t\t\t\t\t\t<\/div>\n\t\t\t\t\t<\/div>\n\t\t\t\t<\/div>\n\t\t\t<\/div><!-- \/.row -->\n\t\t<\/div><!-- \/.container -->\n\t<\/section>\n\t<!-- Team Page End -->\n\n\t\t<\/div>\n\t\t\t\t<\/div>\n\t\t\t\t<\/div>\n\t\t\t\t\t\t\t<\/div>","protected":false},"excerpt":{"rendered":"<p>+1 (437) 473-9035 hello@vitastra.ca 12-18 Kenrae Rd, East York, ON, M4G 1Y1, Canada \u0130leti\u015fim Formu \u0130sim Soyisim: E-mail: Mesaj\u0131n\u0131z: * Detayl\u0131 bilgi almak i\u00e7in bizi 7\/24 aray\u0131n veya yukar\u0131daki formu doldurun. G\u00f6nder + Detayl\u0131 Bilgi Almak i\u00e7in Randevu Olu\u015fturun! +1 (437) 473-9035<\/p>","protected":false},"author":1,"featured_media":0,"parent":0,"menu_order":0,"comment_status":"closed","ping_status":"closed","template":"elementor_header_footer","meta":{"footnotes":""},"_links":{"self":[{"href":"https:\/\/vitastra.ca\/en\/wp-json\/wp\/v2\/pages\/153"}],"collection":[{"href":"https:\/\/vitastra.ca\/en\/wp-json\/wp\/v2\/pages"}],"about":[{"href":"https:\/\/vitastra.ca\/en\/wp-json\/wp\/v2\/types\/page"}],"author":[{"embeddable":true,"href":"https:\/\/vitastra.ca\/en\/wp-json\/wp\/v2\/users\/1"}],"replies":[{"embeddable":true,"href":"https:\/\/vitastra.ca\/en\/wp-json\/wp\/v2\/comments?post=153"}],"version-history":[{"count":36,"href":"https:\/\/vitastra.ca\/en\/wp-json\/wp\/v2\/pages\/153\/revisions"}],"predecessor-version":[{"id":4176,"href":"https:\/\/vitastra.ca\/en\/wp-json\/wp\/v2\/pages\/153\/revisions\/4176"}],"wp:attachment":[{"href":"https:\/\/vitastra.ca\/en\/wp-json\/wp\/v2\/media?parent=153"}],"curies":[{"name":"wp","href":"https:\/\/api.w.org\/{rel}","templated":true}]}}